{"id":100658,"date":"2025-03-24T17:55:31","date_gmt":"2025-03-24T17:55:31","guid":{"rendered":"https:\/\/a2ceramica.wiseweb.pt\/?post_type=product&#038;p=100658"},"modified":"2025-05-12T15:31:30","modified_gmt":"2025-05-12T15:31:30","slug":"apoio-de-colher","status":"publish","type":"product","link":"https:\/\/a2ceramica.pt\/en\/loja\/utilitarios\/apoio-de-colher\/","title":{"rendered":"Spoon rest"},"content":{"rendered":"<p>This elongated ceramic spoon rest is useful for keeping your utensils organized while cooking.<\/p>","protected":false},"excerpt":{"rendered":"<p>This elongated ceramic spoon rest is useful for keeping your utensils organized while cooking.<\/p>","protected":false},"featured_media":102955,"template":"","meta":{"_et_pb_use_builder":"on","_et_pb_old_content":"Este apoio de colher alongado em cer\u00e2mica \u00e9 \u00fatil para organizar seus utens\u00edlios durante o cozimento.","_et_gb_content_width":"","inline_featured_image":false},"product_brand":[42],"product_cat":[61],"product_tag":[],"class_list":{"0":"post-100658","1":"product","2":"type-product","3":"status-publish","4":"has-post-thumbnail","6":"product_brand-a2ceramica","7":"product_cat-utilitarios","9":"first","10":"onbackorder","11":"taxable","12":"shipping-taxable","13":"product-type-simple"},"jetpack_sharing_enabled":true,"_links":{"self":[{"href":"https:\/\/a2ceramica.pt\/en\/wp-json\/wp\/v2\/product\/100658","targetHints":{"allow":["GET"]}}],"collection":[{"href":"https:\/\/a2ceramica.pt\/en\/wp-json\/wp\/v2\/product"}],"about":[{"href":"https:\/\/a2ceramica.pt\/en\/wp-json\/wp\/v2\/types\/product"}],"wp:featuredmedia":[{"embeddable":true,"href":"https:\/\/a2ceramica.pt\/en\/wp-json\/wp\/v2\/media\/102955"}],"wp:attachment":[{"href":"https:\/\/a2ceramica.pt\/en\/wp-json\/wp\/v2\/media?parent=100658"}],"wp:term":[{"taxonomy":"product_brand","embeddable":true,"href":"https:\/\/a2ceramica.pt\/en\/wp-json\/wp\/v2\/product_brand?post=100658"},{"taxonomy":"product_cat","embeddable":true,"href":"https:\/\/a2ceramica.pt\/en\/wp-json\/wp\/v2\/product_cat?post=100658"},{"taxonomy":"product_tag","embeddable":true,"href":"https:\/\/a2ceramica.pt\/en\/wp-json\/wp\/v2\/product_tag?post=100658"}],"curies":[{"name":"wp","href":"https:\/\/api.w.org\/{rel}","templated":true}]}}