{"id":100640,"date":"2025-03-24T15:38:14","date_gmt":"2025-03-24T15:38:14","guid":{"rendered":"https:\/\/a2ceramica.wiseweb.pt\/?post_type=product&#038;p=100640"},"modified":"2025-06-16T09:38:09","modified_gmt":"2025-06-16T09:38:09","slug":"colecao-croche-bases","status":"publish","type":"product","link":"https:\/\/a2ceramica.pt\/en\/loja\/bases\/colecao-croche-bases\/","title":{"rendered":"Crochet Bases Collection"},"content":{"rendered":"<p>Discover the perfect bases for your crochet projects! This collection offers premium quality materials, ideal for creating unique and stylish pieces.<\/p>","protected":false},"excerpt":{"rendered":"<p>Discover the perfect bases for your crochet projects! This collection offers premium quality materials, ideal for creating unique and stylish pieces.<\/p>","protected":false},"featured_media":103048,"template":"","meta":{"_et_pb_use_builder":"on","_et_pb_old_content":"Descubra as bases perfeitas para os seus projetos de croch\u00ea! Esta cole\u00e7\u00e3o oferece materiais de qualidade premium, ideais para criar pe\u00e7as \u00fanicas e cheias de estilo.","_et_gb_content_width":"","inline_featured_image":false},"product_brand":[42],"product_cat":[59],"product_tag":[],"class_list":{"0":"post-100640","1":"product","2":"type-product","3":"status-publish","4":"has-post-thumbnail","6":"product_brand-a2ceramica","7":"product_cat-bases","9":"first","10":"onbackorder","11":"taxable","12":"shipping-taxable","13":"product-type-simple"},"jetpack_sharing_enabled":true,"_links":{"self":[{"href":"https:\/\/a2ceramica.pt\/en\/wp-json\/wp\/v2\/product\/100640","targetHints":{"allow":["GET"]}}],"collection":[{"href":"https:\/\/a2ceramica.pt\/en\/wp-json\/wp\/v2\/product"}],"about":[{"href":"https:\/\/a2ceramica.pt\/en\/wp-json\/wp\/v2\/types\/product"}],"wp:featuredmedia":[{"embeddable":true,"href":"https:\/\/a2ceramica.pt\/en\/wp-json\/wp\/v2\/media\/103048"}],"wp:attachment":[{"href":"https:\/\/a2ceramica.pt\/en\/wp-json\/wp\/v2\/media?parent=100640"}],"wp:term":[{"taxonomy":"product_brand","embeddable":true,"href":"https:\/\/a2ceramica.pt\/en\/wp-json\/wp\/v2\/product_brand?post=100640"},{"taxonomy":"product_cat","embeddable":true,"href":"https:\/\/a2ceramica.pt\/en\/wp-json\/wp\/v2\/product_cat?post=100640"},{"taxonomy":"product_tag","embeddable":true,"href":"https:\/\/a2ceramica.pt\/en\/wp-json\/wp\/v2\/product_tag?post=100640"}],"curies":[{"name":"wp","href":"https:\/\/api.w.org\/{rel}","templated":true}]}}