{"id":100636,"date":"2025-03-24T14:27:40","date_gmt":"2025-03-24T14:27:40","guid":{"rendered":"https:\/\/a2ceramica.wiseweb.pt\/?post_type=product&#038;p=100636"},"modified":"2025-06-16T09:48:32","modified_gmt":"2025-06-16T09:48:32","slug":"100636","status":"publish","type":"product","link":"https:\/\/a2ceramica.pt\/en\/loja\/utilitarios\/100636\/","title":{"rendered":"Spoon rest"},"content":{"rendered":"<p>Keep your kitchen organized with this handcrafted spoon rest. Combining functionality and style, it prevents drips and keeps your countertops clean, adding a touch of sophistication to your space.<\/p>","protected":false},"excerpt":{"rendered":"<p>Keep your kitchen organized with this handcrafted spoon rest. Combining functionality and style, it prevents drips and keeps your countertops clean, adding a touch of sophistication to your space.<\/p>","protected":false},"featured_media":103062,"template":"","meta":{"_et_pb_use_builder":"on","_et_pb_old_content":"Mantenha a sua cozinha organizada com este apoio de colher artesanal. Combinando funcionalidade e estilo, evita pingos e mant\u00e9m as suas bancadas limpas, acrescentando um toque de sofistica\u00e7\u00e3o ao espa\u00e7o.","_et_gb_content_width":"","inline_featured_image":false},"product_brand":[42],"product_cat":[61],"product_tag":[],"class_list":{"0":"post-100636","1":"product","2":"type-product","3":"status-publish","4":"has-post-thumbnail","6":"product_brand-a2ceramica","7":"product_cat-utilitarios","9":"first","10":"instock","11":"taxable","12":"shipping-taxable","13":"product-type-simple"},"jetpack_sharing_enabled":true,"_links":{"self":[{"href":"https:\/\/a2ceramica.pt\/en\/wp-json\/wp\/v2\/product\/100636","targetHints":{"allow":["GET"]}}],"collection":[{"href":"https:\/\/a2ceramica.pt\/en\/wp-json\/wp\/v2\/product"}],"about":[{"href":"https:\/\/a2ceramica.pt\/en\/wp-json\/wp\/v2\/types\/product"}],"wp:featuredmedia":[{"embeddable":true,"href":"https:\/\/a2ceramica.pt\/en\/wp-json\/wp\/v2\/media\/103062"}],"wp:attachment":[{"href":"https:\/\/a2ceramica.pt\/en\/wp-json\/wp\/v2\/media?parent=100636"}],"wp:term":[{"taxonomy":"product_brand","embeddable":true,"href":"https:\/\/a2ceramica.pt\/en\/wp-json\/wp\/v2\/product_brand?post=100636"},{"taxonomy":"product_cat","embeddable":true,"href":"https:\/\/a2ceramica.pt\/en\/wp-json\/wp\/v2\/product_cat?post=100636"},{"taxonomy":"product_tag","embeddable":true,"href":"https:\/\/a2ceramica.pt\/en\/wp-json\/wp\/v2\/product_tag?post=100636"}],"curies":[{"name":"wp","href":"https:\/\/api.w.org\/{rel}","templated":true}]}}