{"id":100614,"date":"2025-03-24T10:48:26","date_gmt":"2025-03-24T10:48:26","guid":{"rendered":"https:\/\/a2ceramica.wiseweb.pt\/?post_type=product&#038;p=100614"},"modified":"2025-06-11T15:25:36","modified_gmt":"2025-06-11T15:25:36","slug":"sardinha","status":"publish","type":"product","link":"https:\/\/a2ceramica.pt\/en\/loja\/sardinhas\/sardinha\/","title":{"rendered":"Sardine"},"content":{"rendered":"<p>Add a touch of sea magic to your home with this charming sardine, sure to win the hearts of your guests.<\/p>\n<p>This meticulously crafted ceramic fish captures Portugal\u2019s deep love for the ocean, honoring the country\u2019s strong connection to the sea. Perfect for decorating shelves, tables, or mantels, it brings a maritime charm to any space.<\/p>","protected":false},"excerpt":{"rendered":"<p>Adicione um toque de magia do mar \u00e0 sua casa com esta sardinha encantadora, que vai conquistar o cora\u00e7\u00e3o dos seus visitantes. Este peixe em cer\u00e2mica, minuciosamente trabalhado, capta o amor de Portugal pelo oceano, homenageando a profunda liga\u00e7\u00e3o do pa\u00eds ao mar. Ideal para decorar prateleiras, mesas ou lareiras, trazendo um aroma mar\u00edtimo a [&hellip;]<\/p>","protected":false},"featured_media":102980,"template":"","meta":{"_et_pb_use_builder":"","_et_pb_old_content":"","_et_gb_content_width":"","inline_featured_image":false},"product_brand":[42],"product_cat":[62],"product_tag":[],"class_list":{"0":"post-100614","1":"product","2":"type-product","3":"status-publish","4":"has-post-thumbnail","6":"product_brand-a2ceramica","7":"product_cat-sardinhas","9":"first","10":"instock","11":"taxable","12":"shipping-taxable","13":"purchasable","14":"product-type-variable","15":"has-default-attributes"},"jetpack_sharing_enabled":true,"_links":{"self":[{"href":"https:\/\/a2ceramica.pt\/en\/wp-json\/wp\/v2\/product\/100614","targetHints":{"allow":["GET"]}}],"collection":[{"href":"https:\/\/a2ceramica.pt\/en\/wp-json\/wp\/v2\/product"}],"about":[{"href":"https:\/\/a2ceramica.pt\/en\/wp-json\/wp\/v2\/types\/product"}],"wp:featuredmedia":[{"embeddable":true,"href":"https:\/\/a2ceramica.pt\/en\/wp-json\/wp\/v2\/media\/102980"}],"wp:attachment":[{"href":"https:\/\/a2ceramica.pt\/en\/wp-json\/wp\/v2\/media?parent=100614"}],"wp:term":[{"taxonomy":"product_brand","embeddable":true,"href":"https:\/\/a2ceramica.pt\/en\/wp-json\/wp\/v2\/product_brand?post=100614"},{"taxonomy":"product_cat","embeddable":true,"href":"https:\/\/a2ceramica.pt\/en\/wp-json\/wp\/v2\/product_cat?post=100614"},{"taxonomy":"product_tag","embeddable":true,"href":"https:\/\/a2ceramica.pt\/en\/wp-json\/wp\/v2\/product_tag?post=100614"}],"curies":[{"name":"wp","href":"https:\/\/api.w.org\/{rel}","templated":true}]}}