{"id":94298,"date":"2022-05-17T11:21:02","date_gmt":"2022-05-17T11:21:02","guid":{"rendered":"https:\/\/shop.destacaimagen.com\/handmade\/?page_id=205"},"modified":"2025-05-12T12:04:47","modified_gmt":"2025-05-12T12:04:47","slug":"politica-privacidade","status":"publish","type":"page","link":"https:\/\/a2ceramica.pt\/en\/politica-privacidade\/","title":{"rendered":"Privacy Policy"},"content":{"rendered":"[et_pb_section fb_built=&#8221;1&#8243; _builder_version=&#8221;4.27.4&#8243; _module_preset=&#8221;default&#8221; use_background_color_gradient=&#8221;on&#8221; background_color_gradient_direction=&#8221;104deg&#8221; background_color_gradient_stops=&#8221;#dcbc4c 16%|rgba(0,0,0,0.36) 100%&#8221; background_color_gradient_overlays_image=&#8221;on&#8221; background_image=&#8221;https:\/\/a2ceramica.pt\/wp-content\/uploads\/2025\/03\/atelier_IMG_2653-scaled.jpeg&#8221; height=&#8221;20vh&#8221; height_tablet=&#8221;20vh&#8221; height_phone=&#8221;30vh&#8221; height_last_edited=&#8221;on|phone&#8221; custom_padding=&#8221;50px||44px||false|false&#8221; saved_tabs=&#8221;all&#8221; locked=&#8221;off&#8221; global_colors_info=&#8221;{}&#8221;][et_pb_row _builder_version=&#8221;4.17.3&#8243; _module_preset=&#8221;default&#8221; position_origin_a=&#8221;center_center&#8221; width=&#8221;70%&#8221; width_tablet=&#8221;80%&#8221; width_phone=&#8221;80%&#8221; width_last_edited=&#8221;on|phone&#8221; custom_margin=&#8221;0px||0px||true|false&#8221; custom_padding=&#8221;0px||0px||true|false&#8221; global_colors_info=&#8221;{}&#8221;][et_pb_column type=&#8221;4_4&#8243; _builder_version=&#8221;4.17.3&#8243; _module_preset=&#8221;default&#8221; global_colors_info=&#8221;{}&#8221;][et_pb_text _builder_version=&#8221;4.27.4&#8243; _dynamic_attributes=&#8221;content&#8221; _module_preset=&#8221;default&#8221; text_font=&#8221;Dancing Script||||||||&#8221; text_text_color=&#8221;#FFFFFF&#8221; text_font_size=&#8221;60px&#8221; text_line_height=&#8221;1.2em&#8221; global_colors_info=&#8221;{}&#8221;]@ET-DC@eyJkeW5hbWljIjp0cnVlLCJjb250ZW50IjoicG9zdF90aXRsZSIsInNldHRpbmdzIjp7ImJlZm9yZSI6IiIsImFmdGVyIjoiIn19@[\/et_pb_text][\/et_pb_column][\/et_pb_row][\/et_pb_section][et_pb_section fb_built=&#8221;1&#8243; custom_padding_last_edited=&#8221;on|phone&#8221; _builder_version=&#8221;4.17.3&#8243; _module_preset=&#8221;default&#8221; use_background_color_gradient=&#8221;on&#8221; background_color_gradient_stops=&#8221;#fefaf3 0%|#ffffff 100%&#8221; custom_padding=&#8221;||100px||false|false&#8221; custom_padding_tablet=&#8221;||100px||false|false&#8221; custom_padding_phone=&#8221;||80px||false|false&#8221; locked=&#8221;off&#8221; global_colors_info=&#8221;{}&#8221;][et_pb_row custom_padding_last_edited=&#8221;on|phone&#8221; _builder_version=&#8221;4.17.3&#8243; _module_preset=&#8221;default&#8221; width=&#8221;70%&#8221; width_tablet=&#8221;80%&#8221; width_phone=&#8221;80%&#8221; width_last_edited=&#8221;on|desktop&#8221; custom_padding=&#8221;0px|50px|0px|50px|true|true&#8221; custom_padding_tablet=&#8221;|0px||0px|true|true&#8221; custom_padding_phone=&#8221;|0px||0px|true|true&#8221; global_colors_info=&#8221;{}&#8221;][et_pb_column type=&#8221;4_4&#8243; _builder_version=&#8221;4.17.3&#8243; _module_preset=&#8221;default&#8221; global_colors_info=&#8221;{}&#8221;][et_pb_text _builder_version=&#8221;4.17.3&#8243; _module_preset=&#8221;default&#8221; header_2_line_height=&#8221;1.3em&#8221; header_3_line_height=&#8221;1.3em&#8221; header_4_line_height=&#8221;1.3em&#8221; global_colors_info=&#8221;{}&#8221;]<h2><strong>Privacy Policy<\/strong><\/h2>\n<p><\/p>\n<p>The protection of your personal data is a priority for A2 CERAMICA UNIPESSOAL LDA., therefore, under Regulation No. 2016\/679 of the European Parliament and of the Council of 27 April 2016 (General Regulation on the Protection of Personal Data), we are pleased to communicate our Privacy Policy, which will inform you of the new rules applicable to the processing of your personal data, the rights that you have, as well as inform you of how you can manage, directly and simply, the respective consents.<\/p>\n<p> <\/p>\n<p>The rules set out in this Privacy Policy complement the provisions on the protection and processing of personal data set out in the \u201cGeneral Conditions of the a2ceramica.pt store\u201d, which regulate the offer of our products and are duly advertised on the website, and are accepted by the Customer.<\/p>\n<p> <\/p>\n<p>This Privacy Policy applies exclusively to the collection and processing of personal data carried out by A2 CERAMICA UNIPESSOAL LDA.<\/p>\n<p> <\/p>\n<p><strong>Who are we?<\/strong><\/p>\n<p> <\/p>\n<p>Your data will be processed by\u00a0<strong>A2 CERAMICA UNIPESSOAL LDA.<\/strong>, a limited liability company with registered office at Rua do Crespo, n\u00ba19 Casal do Arqueiro \u2013 Batalha \u2013 2440-019 Batalha, registered under individual corporate number 516581414, with share capital of \u20ac1,500.00 (one thousand and five hundred euros), (hereinafter referred to as <strong>A2 CERAMICA <\/strong>).<\/p>\n<p> <\/p>\n<p>A2 CERAMICA is responsible for the processing of your personal data, within the meaning of the General Data Protection Regulation (hereinafter referred to as<strong>\u00a0GDPR<\/strong>).<\/p>\n<p> <\/p>\n<p><strong>What is personal data?<\/strong><\/p>\n<p> <\/p>\n<p>Personal data is any information, of any nature and regardless of its medium, including sound and image, relating to an identified or identifiable natural person.<\/p>\n<p> <\/p>\n<p>An identifiable person is one who can be identified directly or indirectly, in particular by reference to an identifier such as a name, an identification number, location data, an online identifier or to one or more factors specific to the physical, physiological, genetic, mental, economic, cultural or social identity of that natural person.<\/p>\n<p> <\/p>\n<p><strong>What kind of personal data do we collect?<\/strong><\/p>\n<p> <\/p>\n<p>As part of its activity, A2 CERAMICA will collect and process the personal data necessary for the sales and delivery process of the goods purchased by the Customer, in particular the name, address, telephone number, email address, payment details, Internet Protocol (IP) address, tax identification number.<\/p>\n<p> <\/p>\n<p><strong>Why do we process your information?<\/strong><\/p>\n<p> <\/p>\n<p>Your personal data may be collected and processed by A2 CERAMICA for the following purposes:<\/p>\n<p> <\/p>\n<p>a)\u00a0\u00a0\u00a0\u00a0 compliance with legal obligations to which A2 CERAMICA is subject, namely invoicing of purchased goods;<\/p>\n<p> <\/p>\n<p>b)\u00a0\u00a0\u00a0\u00a0 compliance with A2 CERAMICA\u2019s contractual obligations, in particular for the purposes of the logistical process of delivering the purchased goods;<\/p>\n<p> <\/p>\n<p>c)\u00a0\u00a0\u00a0\u00a0\u00a0 effects of managing contacts and complaints;<\/p>\n<p> <\/p>\n<p>d)\u00a0\u00a0\u00a0\u00a0 contact purposes, within the scope of A2 CERAMICA\u2019s marketing strategies, with commercial information and communications, namely through the sending of newsletters<\/p>\n<p> <\/p>\n<p>Failure to provide personal data for the purposes set out in paragraphs a) and b) implies non-compliance by A2 CERAMICA with the contractual and legal obligations imposed on it, a situation which constitutes grounds for non-execution of the purchase and sale contract by A2 CERAMICA, without the right to any compensation or indemnity.<\/p>\n<p> <\/p>\n<p>A2 CERAMICA will inform you of the mandatory nature of the data.<\/p>\n<p> <\/p>\n<p><strong>What do we process your information for?<\/strong><\/p>\n<p> <\/p>\n<p>The processing of your personal data will be carried out based on the execution of the product purchase and sale contract entered into with A2 CERAMICA, and in strict compliance with legal obligations imposed on A2 CERAMICA, namely in terms of tax legislation (cfr. paragraphs b) and c) of no. 1 of article 6 of the GDPR).<\/p>\n<p> <\/p>\n<p>For the purpose set out in paragraph c) of the previous point, A2 CERAMICA will process personal data, based on the legitimate interest pursued by itself, as well as that of the Customer (cfr. paragraph f) of no. 1 of article 6 of the GDPR).<\/p>\n<p> <\/p>\n<p>Furthermore, the lawfulness of the processing of personal data collected for the purpose set out in paragraph d) of the previous point is based on the consent given by the company to A2 CERAMICA for the respective processing (cf. paragraph a) of no. 1 of article 6 of the GDPR).<\/p>\n<p> <\/p>\n<p><strong>How long do we keep your information?<\/strong><\/p>\n<p> <\/p>\n<p>Without prejudice to legal provisions, regulations or judicial determinations to the contrary, the personal data collected will be kept only for the minimum period necessary for the purposes that motivated its collection or subsequent processing.<\/p>\n<p> <\/p>\n<p>The most relevant retention periods that we define for the purposes of using your personal data are as follows:<\/p>\n<p> <\/p>\n<p>i. Transaction management \u2013 \u200b\u200blegal term of 10 years;<\/p>\n<p> <\/p>\n<p>ii. Customer management in loyalty programs \u2013 3 years<\/p>\n<p> <\/p>\n<p>iii. Marketing \u2013 2 years (plus current year) since last interaction;<\/p>\n<p> <\/p>\n<p>iv. Management of users of websites or platforms \u2013 1 year (plus current year) after the last access;<\/p>\n<p> <\/p>\n<p>v. Home deliveries \u2013 2 years;<\/p>\n<p> <\/p>\n<p>vi. Warranties and after-sales support \u2013 2 years or equal to the warranty period if longer;<\/p>\n<p> <\/p>\n<p>vii. Registration and proof of transactions for remote contracts \u2013 6 months after the contract term;<\/p>\n<p> <\/p>\n<p>viii. Service management \u2013 \u200b\u200b2 years since the last service.<\/p>\n<p> <\/p>\n<p><strong>To whom can we transmit your personal data?<\/strong><\/p>\n<p> <\/p>\n<p>Eventually, A2 CERAMICA may have to share some of your personal data with other recipients, which include:<\/p>\n<p> <\/p>\n<p>a)\u00a0\u00a0\u00a0\u00a0 Organizations and\/or companies affiliated with A2 CERAMICA, provided that they respect an equivalent policy regarding the protection of personal data;<\/p>\n<p> <\/p>\n<p>b)\u00a0\u00a0\u00a0\u00a0 Public Entities to which A2 CERAMICA is legally obliged to provide information, namely the DGCI \u2013 General Tax Directorate;<\/p>\n<p> <\/p>\n<p>c)\u00a0\u00a0\u00a0\u00a0\u00a0 Subcontractors who provide certain services related to your personal data under the cover of a subcontract and for the sole purpose of providing technical assistance to A2 CERAMICA, which include, but are not limited to, website hosting providers, mail and marketing service providers;<\/p>\n<p> <\/p>\n<p>d)\u00a0\u00a0\u00a0\u00a0 The competent authorities to which A2 CERAMICA is legally obliged to disclose information in the course of legal proceedings, or to detect technical and\/or security problems, such as judicial entities or competent control authorities.<\/p>\n<p> <\/p>\n<p><strong>Is your data transferred to countries outside the European Union?<\/strong><\/p>\n<p> <\/p>\n<p>Your personal data, collected by A2 CERAMICA, will not, as a rule, be transferred to any entity established outside the territory of the European Union.<\/p>\n<p> <\/p>\n<p>Exceptionally and under certain conditions, A2 CERAMICA may transfer your personal data to countries outside the European Union, in accordance with applicable legislation, for the purposes of data hosting or storage, technical subcontracting of processing, back-up and recovery of hosted data, development of services.<\/p>\n<p> <\/p>\n<p>A2 CERAMICA ensures that it will not transfer your personal data to countries that do not guarantee an adequate level of protection, in accordance with the provisions of the GDPR.<\/p>\n<p> <\/p>\n<p><strong>What are your rights?<\/strong><\/p>\n<p> <\/p>\n<p>Under the terms of the GDPR, you may request, at any time:<\/p>\n<p> <\/p>\n<p><strong>a)\u00a0\u00a0\u00a0\u00a0\u00a0access to your personal data:<\/strong>\u00a0You have the right to obtain confirmation as to whether or not personal data concerning you are being processed and, where this is the case, the right to access your personal data and the information provided for in the GDPR.<\/p>\n<p> <\/p>\n<p><strong>b)\u00a0\u00a0\u00a0\u00a0\u00a0the rectification of your personal data:<\/strong> You have the right to obtain from A2 CERAMICA, without undue delay, the rectification of inaccurate personal data concerning you.<\/p>\n<p> <\/p>\n<p><strong>c)\u00a0\u00a0\u00a0\u00a0\u00a0the deletion of your personal data:<\/strong> You have the right to obtain from A2 CERAMICA, without undue delay, the erasure of your personal data, and A2 CERAMICA must erase your personal data, without undue delay, when, in particular, one of the following reasons applies:\u00a0<strong>1)<\/strong>\u00a0the personal data are no longer necessary for the purpose for which they were collected or processed;\u00a0<strong>2)<\/strong>\u00a0the holder of the personal data withdraws the consent on which the processing of the data is based (when it is based on consent) and if there is no other legal basis for said processing;\u00a0<strong>3)<\/strong>\u00a0the data subject objects to the processing and there are no overriding legitimate interests justifying the processing;<\/p>\n<p> <\/p>\n<p><strong>d)\u00a0\u00a0\u00a0\u00a0\u00a0the limitation of the processing carried out:<\/strong>\u00a0You have the right to obtain from A2 CERAMICA the restriction of processing, if one of the following situations applies:\u00a0<strong>a)<\/strong>\u00a0contest the accuracy of personal data, for a period that allows A2 CERAMICA to verify its accuracy;\u00a0<strong>b)<\/strong>\u00a0the processing is unlawful and the data subject opposes the erasure of the personal data and requests instead the restriction of their use;\u00a0<strong>c)<\/strong>\u00a0A2 CERAMICA no longer needs the personal data for processing purposes, but such data is required by the holder for the purposes of declaring, exercising or defending a right in a legal proceeding;\u00a0<strong>d)<\/strong>\u00a0if you have objected to the processing, until it is verified that the legitimate reasons of A2 CERAMICA prevail over those of the data subject.<\/p>\n<p> <\/p>\n<p><strong>e)\u00a0\u00a0\u00a0\u00a0\u00a0the right to object to processing:<\/strong> when processing is carried out for the purposes of the legitimate interests pursued by A2 CERAMICA, the data subject has the right to object at any time, on grounds relating to his or her particular situation, to the processing of personal data concerning him or her. A2 CERAMICA will cease processing personal data unless it demonstrates compelling legitimate grounds for such processing which override the interests, rights and freedoms of the data subject, or for the establishment, exercise or defence of legal claims.<\/p>\n<p> <\/p>\n<p><strong>f)\u00a0\u00a0\u00a0\u00a0\u00a0\u00a0the right to data portability:<\/strong> under the terms and conditions defined by law, you have the right to receive the personal data concerning you and that you have provided to A2 CERAMICA, in a structured, commonly used and machine-readable format, and the right to transmit this data to another data controller without the controller to whom the personal data was provided being able to prevent it, if\u00a0<strong>a)<\/strong>\u00a0The processing is based on consent or a contract; and\u00a0<strong>b)<\/strong>\u00a0The processing is carried out by automated means.<\/p>\n<p> <\/p>\n<p>If the requests submitted are manifestly unfounded or excessive, particularly due to their repetitive nature, A2 CERAMICA may (i) require payment of a reasonable fee taking into account the administrative costs of providing the information or communications, or of taking the requested action, or (ii) refuse to comply with your request.<\/p>\n<p> <\/p>\n<p>In relation to personal data whose processing by A2 CERAMICA is legitimised by the consent granted by it, you are granted the right to withdraw consent, without the exercise of such right compromising the lawfulness of the processing carried out based on the consent previously given, nor the subsequent processing of the same data, based on another legal basis, such as compliance with a contractual or legal obligation to which A2 CERAMICA is subject.<\/p>\n<p> <\/p>\n<p>You also have the right to lodge a complaint with the National Data Protection Commission.<\/p>\n<p> <\/p>\n<p><a><\/a> <strong>How can you object to being contacted for marketing purposes?<\/strong><\/p>\n<p> <\/p>\n<p>Within the scope of the consent provided by it, A2 CERAMICA may promote, in particular, actions to publicize new products or services by telephone, email, post, SMS, MMS, or any other electronic communications service.<\/p>\n<p> <\/p>\n<p>If you do not want your personal data to be processed, you can object at any time to the use of your personal data for marketing purposes, sending of informative communications or inclusion in lists or information services.<\/p>\n<p> <\/p>\n<p>To do so, you must contact A2 CERAMICA at the following email address <strong>madalena.almadeartista@gmail.com<\/strong>, clearly and unequivocally demonstrating this intention, and may also withdraw this consent in the reserved area on the website.<\/p>\n<p> <\/p>\n<p><strong>Security and Confidentiality<\/strong><\/p>\n<p> <\/p>\n<p>We are committed to keeping your personal data safe, so we apply appropriate technical and organizational measures to ensure a level of security appropriate to the risk of keeping your personal data on file.<\/p>\n<p> <\/p>\n<p>However, the transmission of information via the Internet is not completely secure, and we cannot guarantee the absolute security of information transmitted via our website, in particular when using public networks for data transmission.<\/p>\n<p> <\/p>\n<p>We also respect the confidentiality of your information. As such, we do not sell, distribute or otherwise make your information commercially available to any third party.<\/p>\n<p> <\/p>\n<p>In view of the above, A2 CERAMICA undertakes to keep your information confidential, in accordance with this Privacy Policy and applicable legislation.<\/p>\n<p> <\/p>\n<p><strong>Questions and Exercise of Rights<\/strong><\/p>\n<p> <\/p>\n<p>If you have any questions regarding the processing of your personal data, or wish to exercise any of your rights, please contact us at:<\/p>\n<p> <\/p>\n<p><strong>madalena.almadeartista@gmail.com<\/strong><\/p>\n<p> <\/p>\n<p>Address: Rua do Crespo, n\u00ba19 Casal do Arqueiro \u2013 Batalha \u2013 2440-019 Batalha<\/p>\n<p> <\/p>\n<p>Please keep in mind that A2 CERAMICA will occasionally update this Privacy Policy, so we advise you to review it periodically to stay up to date.<\/p>\n<p> <\/p>\n<p>Last updated March 7, 2025<\/p>\n<p><\/p>[\/et_pb_text][\/et_pb_column][\/et_pb_row][\/et_pb_section]","protected":false},"excerpt":{"rendered":"<p>Pol\u00edtica de Privacidade A prote\u00e7\u00e3o dos seus dados pessoais \u00e9 uma prioridade para a A2 CERAMICA UNIPESSOAL LDA., pelo que, ao abrigo do Regulamento n.\u00ba 2016\/679 do Parlamento Europeu e do Conselho, de 27 de abril de 2016 (Regulamento Geral sobre a Prote\u00e7\u00e3o de Dados Pessoais), temos o prazer de comunicar a nossa Pol\u00edtica de [&hellip;]<\/p>","protected":false},"author":1,"featured_media":0,"parent":0,"menu_order":0,"comment_status":"closed","ping_status":"closed","template":"","meta":{"_et_pb_use_builder":"on","_et_pb_old_content":"<!-- wp:divi\/placeholder \/-->","_et_gb_content_width":"","inline_featured_image":false,"footnotes":""},"class_list":["post-94298","page","type-page","status-publish","hentry"],"jetpack_sharing_enabled":true,"_links":{"self":[{"href":"https:\/\/a2ceramica.pt\/en\/wp-json\/wp\/v2\/pages\/94298","targetHints":{"allow":["GET"]}}],"collection":[{"href":"https:\/\/a2ceramica.pt\/en\/wp-json\/wp\/v2\/pages"}],"about":[{"href":"https:\/\/a2ceramica.pt\/en\/wp-json\/wp\/v2\/types\/page"}],"author":[{"embeddable":true,"href":"https:\/\/a2ceramica.pt\/en\/wp-json\/wp\/v2\/users\/1"}],"replies":[{"embeddable":true,"href":"https:\/\/a2ceramica.pt\/en\/wp-json\/wp\/v2\/comments?post=94298"}],"version-history":[{"count":9,"href":"https:\/\/a2ceramica.pt\/en\/wp-json\/wp\/v2\/pages\/94298\/revisions"}],"predecessor-version":[{"id":102706,"href":"https:\/\/a2ceramica.pt\/en\/wp-json\/wp\/v2\/pages\/94298\/revisions\/102706"}],"wp:attachment":[{"href":"https:\/\/a2ceramica.pt\/en\/wp-json\/wp\/v2\/media?parent=94298"}],"curies":[{"name":"wp","href":"https:\/\/api.w.org\/{rel}","templated":true}]}}