{"id":100102,"date":"2025-03-10T15:31:22","date_gmt":"2025-03-10T15:31:22","guid":{"rendered":"https:\/\/a2ceramica.wiseweb.pt\/?page_id=100102"},"modified":"2025-03-31T11:21:47","modified_gmt":"2025-03-31T11:21:47","slug":"politica-cookies","status":"publish","type":"page","link":"https:\/\/a2ceramica.pt\/en\/politica-cookies\/","title":{"rendered":"Cookies Policy"},"content":{"rendered":"[et_pb_section fb_built=&#8221;1&#8243; _builder_version=&#8221;4.27.4&#8243; _module_preset=&#8221;default&#8221; use_background_color_gradient=&#8221;on&#8221; background_color_gradient_direction=&#8221;104deg&#8221; background_color_gradient_stops=&#8221;#dcbc4c 16%|rgba(0,0,0,0.36) 100%&#8221; background_color_gradient_overlays_image=&#8221;on&#8221; background_image=&#8221;https:\/\/a2ceramica.pt\/wp-content\/uploads\/2025\/03\/atelier_IMG_2653-scaled.jpeg&#8221; height=&#8221;20vh&#8221; height_tablet=&#8221;20vh&#8221; height_phone=&#8221;30vh&#8221; height_last_edited=&#8221;on|phone&#8221; custom_padding=&#8221;50px||44px||false|false&#8221; hover_enabled=&#8221;0&#8243; saved_tabs=&#8221;all&#8221; locked=&#8221;off&#8221; global_colors_info=&#8221;{}&#8221; title_text=&#8221;atelier_1&#8243; sticky_enabled=&#8221;0&#8243;][et_pb_row _builder_version=&#8221;4.17.3&#8243; _module_preset=&#8221;default&#8221; position_origin_a=&#8221;center_center&#8221; width=&#8221;70%&#8221; width_tablet=&#8221;80%&#8221; width_phone=&#8221;80%&#8221; width_last_edited=&#8221;on|phone&#8221; custom_margin=&#8221;0px||0px||true|false&#8221; custom_padding=&#8221;0px||0px||true|false&#8221; global_colors_info=&#8221;{}&#8221;][et_pb_column type=&#8221;4_4&#8243; _builder_version=&#8221;4.17.3&#8243; _module_preset=&#8221;default&#8221; global_colors_info=&#8221;{}&#8221;][et_pb_text _builder_version=&#8221;4.27.4&#8243; _dynamic_attributes=&#8221;content&#8221; _module_preset=&#8221;default&#8221; text_font=&#8221;Dancing Script||||||||&#8221; text_text_color=&#8221;#FFFFFF&#8221; text_font_size=&#8221;60px&#8221; text_line_height=&#8221;1.2em&#8221; global_colors_info=&#8221;{}&#8221;]@ET-DC@eyJkeW5hbWljIjp0cnVlLCJjb250ZW50IjoicG9zdF90aXRsZSIsInNldHRpbmdzIjp7ImJlZm9yZSI6IiIsImFmdGVyIjoiIn19@[\/et_pb_text][\/et_pb_column][\/et_pb_row][\/et_pb_section][et_pb_section fb_built=&#8221;1&#8243; custom_padding_last_edited=&#8221;on|phone&#8221; _builder_version=&#8221;4.17.3&#8243; _module_preset=&#8221;default&#8221; use_background_color_gradient=&#8221;on&#8221; background_color_gradient_stops=&#8221;#fefaf3 0%|#ffffff 100%&#8221; custom_padding=&#8221;||100px||false|false&#8221; custom_padding_tablet=&#8221;||100px||false|false&#8221; custom_padding_phone=&#8221;||80px||false|false&#8221; locked=&#8221;off&#8221; global_colors_info=&#8221;{}&#8221;][et_pb_row custom_padding_last_edited=&#8221;on|phone&#8221; _builder_version=&#8221;4.17.3&#8243; _module_preset=&#8221;default&#8221; width=&#8221;70%&#8221; width_tablet=&#8221;80%&#8221; width_phone=&#8221;80%&#8221; width_last_edited=&#8221;on|desktop&#8221; custom_padding=&#8221;0px|50px|0px|50px|true|true&#8221; custom_padding_tablet=&#8221;|0px||0px|true|true&#8221; custom_padding_phone=&#8221;|0px||0px|true|true&#8221; global_colors_info=&#8221;{}&#8221;][et_pb_column type=&#8221;4_4&#8243; _builder_version=&#8221;4.17.3&#8243; _module_preset=&#8221;default&#8221; global_colors_info=&#8221;{}&#8221;][et_pb_text _builder_version=&#8221;4.17.3&#8243; _module_preset=&#8221;default&#8221; header_2_line_height=&#8221;1.3em&#8221; header_3_line_height=&#8221;1.3em&#8221; header_4_line_height=&#8221;1.3em&#8221; global_colors_info=&#8221;{}&#8221;]<h2><strong>Cookies Policy<\/strong><\/h2>\n<p><\/p>\n<p><\/p>\n<p><strong>What are Cookies?<\/strong><\/p>\n<p> <\/p>\n<p>Cookies are small text files that are sent to your computer or mobile device when you visit websites. Cookies help websites store and retrieve information about your browsing habits in order to customize navigation according to your preferences.<\/p>\n<p> <\/p>\n<p><strong>What types of Cookies does our website use?<\/strong><\/p>\n<p> <\/p>\n<ul class=\"wp-block-list\">\n<li>Session Cookies: These are temporary Cookies that remain in the browser\u2019s cookie file until the user leaves the website, so that no record is left on the user\u2019s hard drive. The information collected by these Cookies is used to analyze website traffic patterns. Ultimately, this allows us to improve the content and usability of the website.<\/li>\n<\/ul>\n<p> <\/p>\n<ul class=\"wp-block-list\">\n<li>Analysis Cookies: These are cookies that, whether processed by us or by third parties, allow us to quantify the number of users and perform statistical measurements and analyses of how users use the service offered. We analyze your browsing on our website, with the aim of improving the provision of products or services that we offer you.<\/li>\n<\/ul>\n<p> <\/p>\n<ul class=\"wp-block-list\">\n<li>Advertising Cookies: These are cookies that, when processed by us or by third parties, allow us to manage the advertising space available on the website more effectively, and can analyze your browsing habits and show you advertising related to your browsing profile.<\/li>\n<\/ul>\n<p> <\/p>\n<p><strong>What Cookies do we use on our website?<\/strong><\/p>\n<p> <\/p>\n<ul class=\"wp-block-list\">\n<li>Own Cookies: used for in-store Reservations to maintain the store selected by the user<\/li>\n \n<li>Session Cookies:<\/li>\n<\/ul>\n<p> <\/p>\n<p>o\u00a0\u00a0 Association with shopping cart<\/p>\n<p> <\/p>\n<p>o\u00a0\u00a0 Store category information to display pages more quickly<\/p>\n<p> <\/p>\n<p>o\u00a0\u00a0 They indicate whether you are currently logged into the site<\/p>\n<p> <\/p>\n<p>o\u00a0\u00a0 Indicate session IDs on the server<\/p>\n<p> <\/p>\n<p>o\u00a0\u00a0 Save the last products viewed<\/p>\n<p> <\/p>\n<p>o\u00a0\u00a0 Saves information about searches<\/p>\n<p> <\/p>\n<p>o\u00a0\u00a0 Indicates whether the user authorizes the use of cookies<\/p>\n<p> <\/p>\n<ul class=\"wp-block-list\">\n<li>Third Party Cookies:<\/li>\n<\/ul>\n<p> <\/p>\n<p>o\u00a0\u00a0 Used to distinguish users and sessions<\/p>\n<p> <\/p>\n<p>o\u00a0\u00a0 Used to determine new visits, sessions<\/p>\n<p> <\/p>\n<p>o\u00a0\u00a0 They store the traffic source to explain how the user arrives at our website<\/p>\n<p> <\/p>\n<p>o\u00a0\u00a0 Used to identify users, prevent fraudulent use and protect user data from third parties<\/p>\n<p> <\/p>\n<p>o\u00a0\u00a0 Used to personalize advertising on Publisher networks<\/p>\n<p> <\/p>\n<p>o\u00a0\u00a0 Used to allow the website to remember browsing preferences, language, region<\/p>\n<p> <\/p>\n<ul class=\"wp-block-list\">\n<li>Other Cookies:<\/li>\n<\/ul>\n<p> <\/p>\n<p>o\u00a0\u00a0 Web and video analytics<\/p>\n<p> <\/p>\n<p>o\u00a0\u00a0 Used to determine which server shows the information to the user<\/p>\n<p> <\/p>\n<p>o\u00a0\u00a0 Used to track active sessions<\/p>\n<p> <\/p>\n<p>o\u00a0\u00a0 Used to determine if Cookies are active<\/p>\n<p> <\/p>\n<p>o\u00a0\u00a0 Used to measure user response time<\/p>\n<p> <\/p>\n<p>o\u00a0\u00a0 Used to identify how many times a user has visited us, which products they have purchased and at what price they purchased them<\/p>\n<p> <\/p>\n<p>o\u00a0\u00a0 Allow us to know whether it is the first visit to the site or not<\/p>\n<p> <\/p>\n<p><strong>What does not authorizing the use of Cookies imply?<\/strong><\/p>\n<p> <\/p>\n<p>If you prefer not to allow Cookies, you have the possibility to disable Cookies in the internet browser you use, but you should bear in mind that it may prevent some web pages from being displayed correctly.<\/p>\n<p><\/p>\n<p><\/p>[\/et_pb_text][\/et_pb_column][\/et_pb_row][\/et_pb_section]","protected":false},"excerpt":{"rendered":"<p>Pol\u00edtica de Cookies O que s\u00e3o Cookies? Os cookies s\u00e3o pequenos ficheiros de texto enviados para o seu computador ou dispositivo m\u00f3vel quando visita websites. Os cookies ajudam os websites a armazenar e recuperar informa\u00e7\u00e3o sobre os seus h\u00e1bitos de navega\u00e7\u00e3o por forma a personalizar a navega\u00e7\u00e3o de acordo com as suas prefer\u00eancias. Que tipos [&hellip;]<\/p>","protected":false},"author":1,"featured_media":0,"parent":0,"menu_order":0,"comment_status":"closed","ping_status":"closed","template":"","meta":{"_et_pb_use_builder":"on","_et_pb_old_content":"<!-- wp:divi\/placeholder \/-->","_et_gb_content_width":"","inline_featured_image":false,"footnotes":""},"class_list":["post-100102","page","type-page","status-publish","hentry"],"jetpack_sharing_enabled":true,"_links":{"self":[{"href":"https:\/\/a2ceramica.pt\/en\/wp-json\/wp\/v2\/pages\/100102","targetHints":{"allow":["GET"]}}],"collection":[{"href":"https:\/\/a2ceramica.pt\/en\/wp-json\/wp\/v2\/pages"}],"about":[{"href":"https:\/\/a2ceramica.pt\/en\/wp-json\/wp\/v2\/types\/page"}],"author":[{"embeddable":true,"href":"https:\/\/a2ceramica.pt\/en\/wp-json\/wp\/v2\/users\/1"}],"replies":[{"embeddable":true,"href":"https:\/\/a2ceramica.pt\/en\/wp-json\/wp\/v2\/comments?post=100102"}],"version-history":[{"count":4,"href":"https:\/\/a2ceramica.pt\/en\/wp-json\/wp\/v2\/pages\/100102\/revisions"}],"predecessor-version":[{"id":100912,"href":"https:\/\/a2ceramica.pt\/en\/wp-json\/wp\/v2\/pages\/100102\/revisions\/100912"}],"wp:attachment":[{"href":"https:\/\/a2ceramica.pt\/en\/wp-json\/wp\/v2\/media?parent=100102"}],"curies":[{"name":"wp","href":"https:\/\/api.w.org\/{rel}","templated":true}]}}